{"id":9,"date":"2023-04-11T10:50:16","date_gmt":"2023-04-11T10:50:16","guid":{"rendered":"https:\/\/ccreadysites.cyberchimps.com\/nature\/?page_id=9"},"modified":"2025-03-13T20:51:34","modified_gmt":"2025-03-13T19:51:34","slug":"onas","status":"publish","type":"page","link":"https:\/\/zefir.org.pl\/index.php\/onas\/","title":{"rendered":"O nas"},"content":{"rendered":"\t\t<div data-elementor-type=\"wp-page\" data-elementor-id=\"9\" class=\"elementor elementor-9\">\n\t\t\t\t\t\t<section class=\"elementor-section elementor-top-section elementor-element elementor-element-a5fe923 elementor-section-boxed elementor-section-height-default elementor-section-height-default\" data-id=\"a5fe923\" data-element_type=\"section\" data-settings=\"{&quot;background_background&quot;:&quot;classic&quot;}\">\n\t\t\t\t\t\t\t<div class=\"elementor-background-overlay\"><\/div>\n\t\t\t\t\t\t\t<div class=\"elementor-container elementor-column-gap-default\">\n\t\t\t\t\t<div class=\"elementor-column elementor-col-100 elementor-top-column elementor-element elementor-element-aca71bd\" data-id=\"aca71bd\" data-element_type=\"column\">\n\t\t\t<div class=\"elementor-widget-wrap elementor-element-populated\">\n\t\t\t\t\t\t<div class=\"elementor-element elementor-element-05604d7 elementor-widget elementor-widget-heading\" data-id=\"05604d7\" data-element_type=\"widget\" data-widget_type=\"heading.default\">\n\t\t\t\t<div class=\"elementor-widget-container\">\n\t\t\t\t\t<h2 class=\"elementor-heading-title elementor-size-default\">O nas<\/h2>\t\t\t\t<\/div>\n\t\t\t\t<\/div>\n\t\t\t\t\t<\/div>\n\t\t<\/div>\n\t\t\t\t\t<\/div>\n\t\t<\/section>\n\t\t\t\t<section class=\"elementor-section elementor-top-section elementor-element elementor-element-19ddc11 elementor-section-boxed elementor-section-height-default elementor-section-height-default\" data-id=\"19ddc11\" data-element_type=\"section\">\n\t\t\t\t\t\t<div class=\"elementor-container elementor-column-gap-default\">\n\t\t\t\t\t<div class=\"elementor-column elementor-col-100 elementor-top-column elementor-element elementor-element-1f9bcf6\" data-id=\"1f9bcf6\" data-element_type=\"column\">\n\t\t\t<div class=\"elementor-widget-wrap elementor-element-populated\">\n\t\t\t\t\t\t<div class=\"elementor-element elementor-element-10319b5 elementor-widget__width-auto elementor-invisible elementor-widget elementor-widget-heading\" data-id=\"10319b5\" data-element_type=\"widget\" data-settings=\"{&quot;_animation&quot;:&quot;fadeIn&quot;}\" data-widget_type=\"heading.default\">\n\t\t\t\t<div class=\"elementor-widget-container\">\n\t\t\t\t\t<h2 class=\"elementor-heading-title elementor-size-default\"><b>Ka\u017cdy znajdzie tu co\u015b dla siebie: wycieczki piesze i rowerowe, wyprawy na ryby, k\u0105piele w jeziorze, a przede wszystkim spok\u00f3j i relaks.<\/b><\/h2>\t\t\t\t<\/div>\n\t\t\t\t<\/div>\n\t\t\t\t<div class=\"elementor-element elementor-element-323560f e-transform elementor-invisible elementor-widget elementor-widget-heading\" data-id=\"323560f\" data-element_type=\"widget\" data-settings=\"{&quot;_animation&quot;:&quot;fadeIn&quot;,&quot;_animation_delay&quot;:1800,&quot;_transform_scale_effect&quot;:{&quot;unit&quot;:&quot;px&quot;,&quot;size&quot;:0.7,&quot;sizes&quot;:[]},&quot;_transform_scale_effect_tablet&quot;:{&quot;unit&quot;:&quot;px&quot;,&quot;size&quot;:&quot;&quot;,&quot;sizes&quot;:[]},&quot;_transform_scale_effect_mobile&quot;:{&quot;unit&quot;:&quot;px&quot;,&quot;size&quot;:&quot;&quot;,&quot;sizes&quot;:[]}}\" data-widget_type=\"heading.default\">\n\t\t\t\t<div class=\"elementor-widget-container\">\n\t\t\t\t\t<h2 class=\"elementor-heading-title elementor-size-default\">Niedaleko o\u015brodka po\u0142o\u017cona jest przysta\u0144, mo\u017cna wypo\u017cyczy\u0107 rowerek, \nkajak lub \u017cagl\u00f3wk\u0119. Najbli\u017cszy sklep spo\u017cywczy jest w odleg\u0142o\u015bci 300m od\n o\u015brodka, jest czynny codziennie od 8:00 do 19:00. W okolicy jest \nmn\u00f3stwo bar\u00f3w i restauracyjek.<\/h2>\t\t\t\t<\/div>\n\t\t\t\t<\/div>\n\t\t\t\t<div class=\"elementor-element elementor-element-08fc488 elementor-widget elementor-widget-image\" data-id=\"08fc488\" data-element_type=\"widget\" data-widget_type=\"image.default\">\n\t\t\t\t<div class=\"elementor-widget-container\">\n\t\t\t\t\t\t\t\t\t\t\t\t\t\t\t<img fetchpriority=\"high\" decoding=\"async\" width=\"4608\" height=\"2128\" src=\"https:\/\/zefir.org.pl\/wp-content\/uploads\/2025\/03\/20220803_072634.jpg\" class=\"attachment-full size-full wp-image-1563\" alt=\"\" \/>\t\t\t\t\t\t\t\t\t\t\t\t\t\t\t<\/div>\n\t\t\t\t<\/div>\n\t\t\t\t\t<\/div>\n\t\t<\/div>\n\t\t\t\t\t<\/div>\n\t\t<\/section>\n\t\t\t\t<section class=\"elementor-section elementor-top-section elementor-element elementor-element-3f73d8c elementor-section-boxed elementor-section-height-default elementor-section-height-default\" data-id=\"3f73d8c\" data-element_type=\"section\">\n\t\t\t\t\t\t\t<div class=\"elementor-background-overlay\"><\/div>\n\t\t\t\t\t\t\t<div class=\"elementor-container elementor-column-gap-default\">\n\t\t\t\t\t<div class=\"elementor-column elementor-col-100 elementor-top-column elementor-element elementor-element-391bfb1\" data-id=\"391bfb1\" data-element_type=\"column\">\n\t\t\t<div class=\"elementor-widget-wrap elementor-element-populated\">\n\t\t\t\t\t\t<section class=\"elementor-section elementor-inner-section elementor-element elementor-element-f479350 elementor-section-boxed elementor-section-height-default elementor-section-height-default\" data-id=\"f479350\" data-element_type=\"section\">\n\t\t\t\t\t\t<div class=\"elementor-container elementor-column-gap-default\">\n\t\t\t\t\t<div class=\"elementor-column elementor-col-50 elementor-inner-column elementor-element elementor-element-1f43dda\" data-id=\"1f43dda\" data-element_type=\"column\">\n\t\t\t<div class=\"elementor-widget-wrap elementor-element-populated\">\n\t\t\t\t\t\t<div class=\"elementor-element elementor-element-1f5909e elementor-position-left elementor-widget__width-initial elementor-vertical-align-top elementor-widget elementor-widget-image-box\" data-id=\"1f5909e\" data-element_type=\"widget\" data-widget_type=\"image-box.default\">\n\t\t\t\t<div class=\"elementor-widget-container\">\n\t\t\t\t\t<div class=\"elementor-image-box-wrapper\"><figure class=\"elementor-image-box-img\"><img decoding=\"async\" width=\"512\" height=\"512\" src=\"https:\/\/zefir.org.pl\/wp-content\/uploads\/2025\/02\/directions_1686486.png\" class=\"attachment-full size-full wp-image-1518\" alt=\"\" \/><\/figure><div class=\"elementor-image-box-content\"><h3 class=\"elementor-image-box-title\"><strong data-start=\"35\" data-end=\"59\">Malownicze po\u0142o\u017cenie<\/strong><\/h3><p class=\"elementor-image-box-description\">Zarzecze znajduje si\u0119 w kotlinie \u017bywieckiej, tu\u017c obok miasta \u017bywiec, nad urokliwym jeziorem \u017cywieckim.<\/p><\/div><\/div>\t\t\t\t<\/div>\n\t\t\t\t<\/div>\n\t\t\t\t<div class=\"elementor-element elementor-element-8b6d451 elementor-position-left elementor-vertical-align-top elementor-widget elementor-widget-image-box\" data-id=\"8b6d451\" data-element_type=\"widget\" data-widget_type=\"image-box.default\">\n\t\t\t\t<div class=\"elementor-widget-container\">\n\t\t\t\t\t<div class=\"elementor-image-box-wrapper\"><figure class=\"elementor-image-box-img\"><img decoding=\"async\" width=\"512\" height=\"512\" src=\"https:\/\/zefir.org.pl\/wp-content\/uploads\/2025\/02\/bus-stop_2684157.png\" class=\"attachment-full size-full wp-image-1520\" alt=\"\" \/><\/figure><div class=\"elementor-image-box-content\"><h3 class=\"elementor-image-box-title\">Komunikacja miejska<\/h3><p class=\"elementor-image-box-description\">Z \u017bywca mo\u017cna dojecha\u0107 autobusami miejskimi <strong data-start=\"400\" data-end=\"415\">linii 6 i 9<\/strong>, kt\u00f3re maj\u0105 przystanki w Zarzeczu.<\/p><\/div><\/div>\t\t\t\t<\/div>\n\t\t\t\t<\/div>\n\t\t\t\t\t<\/div>\n\t\t<\/div>\n\t\t\t\t<div class=\"elementor-column elementor-col-50 elementor-inner-column elementor-element elementor-element-bb8c5a5\" data-id=\"bb8c5a5\" data-element_type=\"column\">\n\t\t\t<div class=\"elementor-widget-wrap elementor-element-populated\">\n\t\t\t\t\t\t<div class=\"elementor-element elementor-element-05a2446 elementor-position-left elementor-widget__width-initial elementor-vertical-align-top elementor-widget elementor-widget-image-box\" data-id=\"05a2446\" data-element_type=\"widget\" data-widget_type=\"image-box.default\">\n\t\t\t\t<div class=\"elementor-widget-container\">\n\t\t\t\t\t<div class=\"elementor-image-box-wrapper\"><figure class=\"elementor-image-box-img\"><img loading=\"lazy\" decoding=\"async\" width=\"512\" height=\"512\" src=\"https:\/\/zefir.org.pl\/wp-content\/uploads\/2025\/02\/train_1023404.png\" class=\"attachment-full size-full wp-image-1519\" alt=\"\" \/><\/figure><div class=\"elementor-image-box-content\"><h3 class=\"elementor-image-box-title\">Dogodny dojazd poci\u0105giem<\/h3><p class=\"elementor-image-box-description\">Najbli\u017csza stacja kolejowa to <strong data-start=\"232\" data-end=\"259\">Pietrzykowice \u017bywieckie<\/strong>, po\u0142o\u017cona jedn\u0105 stacj\u0119 przed \u017bywcem na trasie z Bielska-Bia\u0142ej.<\/p><\/div><\/div>\t\t\t\t<\/div>\n\t\t\t\t<\/div>\n\t\t\t\t<div class=\"elementor-element elementor-element-ece25ea elementor-position-left elementor-vertical-align-top elementor-widget elementor-widget-image-box\" data-id=\"ece25ea\" data-element_type=\"widget\" data-widget_type=\"image-box.default\">\n\t\t\t\t<div class=\"elementor-widget-container\">\n\t\t\t\t\t<div class=\"elementor-image-box-wrapper\"><figure class=\"elementor-image-box-img\"><img loading=\"lazy\" decoding=\"async\" width=\"512\" height=\"512\" src=\"https:\/\/zefir.org.pl\/wp-content\/uploads\/2025\/02\/four-wheel-drive_4841626.png\" class=\"attachment-full size-full wp-image-1521\" alt=\"\" \/><\/figure><div class=\"elementor-image-box-content\"><h3 class=\"elementor-image-box-title\">Dojazd samochodem<\/h3><p class=\"elementor-image-box-description\">Jad\u0105c od Bielska-Bia\u0142ej, nale\u017cy skr\u0119ci\u0107 w lewo przed PSB (Polskimi Sk\u0142adami Budowlanymi), kieruj\u0105c si\u0119 na Tresn\u0105.<\/p><\/div><\/div>\t\t\t\t<\/div>\n\t\t\t\t<\/div>\n\t\t\t\t\t<\/div>\n\t\t<\/div>\n\t\t\t\t\t<\/div>\n\t\t<\/section>\n\t\t\t\t\t<\/div>\n\t\t<\/div>\n\t\t\t\t\t<\/div>\n\t\t<\/section>\n\t\t\t\t<\/div>\n\t\t","protected":false},"excerpt":{"rendered":"<p>O nas Ka\u017cdy znajdzie tu co\u015b dla siebie: wycieczki piesze i rowerowe, wyprawy na ryby, k\u0105piele w jeziorze, a przede wszystkim spok\u00f3j i relaks. Niedaleko o\u015brodka po\u0142o\u017cona jest przysta\u0144, mo\u017cna wypo\u017cyczy\u0107 rowerek, kajak lub \u017cagl\u00f3wk\u0119. Najbli\u017cszy sklep spo\u017cywczy jest w &hellip;<\/p>\n<p class=\"read-more\"> <a class=\"more-link\" href=\"https:\/\/zefir.org.pl\/index.php\/onas\/\"> <span class=\"screen-reader-text\">O nas<\/span> Czytaj wi\u0119cej  &raquo;<\/a><\/p>\n","protected":false},"author":1,"featured_media":0,"parent":0,"menu_order":0,"comment_status":"closed","ping_status":"closed","template":"elementor_header_footer","meta":{"footnotes":""},"class_list":["post-9","page","type-page","status-publish","hentry"],"featured_image_src":"","featured_image_src_square":false,"rbea_author_info":{"display_name":"edytor","author_link":"https:\/\/zefir.org.pl\/index.php\/author\/edytor\/"},"rbea_excerpt_info":"O nas Ka\u017cdy znajdzie tu co\u015b dla siebie: wycieczki piesze i rowerowe, wyprawy na ryby, k\u0105piele w jeziorze, a przede wszystkim spok\u00f3j i relaks. Niedaleko o\u015brodka po\u0142o\u017cona jest przysta\u0144, mo\u017cna wypo\u017cyczy\u0107 rowerek, kajak lub \u017cagl\u00f3wk\u0119. Najbli\u017cszy sklep spo\u017cywczy jest w &hellip;<p class=\"read-more\"> <a class=\"more-link\" href=\"https:\/\/zefir.org.pl\/index.php\/onas\/\"> <span class=\"screen-reader-text\">O nas<\/span> Czytaj wi\u0119cej  &raquo;<\/a><\/p>","_links":{"self":[{"href":"https:\/\/zefir.org.pl\/index.php\/wp-json\/wp\/v2\/pages\/9","targetHints":{"allow":["GET"]}}],"collection":[{"href":"https:\/\/zefir.org.pl\/index.php\/wp-json\/wp\/v2\/pages"}],"about":[{"href":"https:\/\/zefir.org.pl\/index.php\/wp-json\/wp\/v2\/types\/page"}],"author":[{"embeddable":true,"href":"https:\/\/zefir.org.pl\/index.php\/wp-json\/wp\/v2\/users\/1"}],"replies":[{"embeddable":true,"href":"https:\/\/zefir.org.pl\/index.php\/wp-json\/wp\/v2\/comments?post=9"}],"version-history":[{"count":38,"href":"https:\/\/zefir.org.pl\/index.php\/wp-json\/wp\/v2\/pages\/9\/revisions"}],"predecessor-version":[{"id":1657,"href":"https:\/\/zefir.org.pl\/index.php\/wp-json\/wp\/v2\/pages\/9\/revisions\/1657"}],"wp:attachment":[{"href":"https:\/\/zefir.org.pl\/index.php\/wp-json\/wp\/v2\/media?parent=9"}],"curies":[{"name":"wp","href":"https:\/\/api.w.org\/{rel}","templated":true}]}}