{"id":7,"date":"2023-04-11T10:49:57","date_gmt":"2023-04-11T10:49:57","guid":{"rendered":"https:\/\/ccreadysites.cyberchimps.com\/nature\/?page_id=7"},"modified":"2026-03-19T20:24:19","modified_gmt":"2026-03-19T19:24:19","slug":"home","status":"publish","type":"page","link":"https:\/\/zefir.org.pl\/","title":{"rendered":"Home"},"content":{"rendered":"\t\t<div data-elementor-type=\"wp-page\" data-elementor-id=\"7\" class=\"elementor elementor-7\">\n\t\t\t\t\t\t<section class=\"elementor-section elementor-top-section elementor-element elementor-element-13107cf elementor-section-boxed elementor-section-height-default elementor-section-height-default\" data-id=\"13107cf\" data-element_type=\"section\" data-settings=\"{&quot;background_background&quot;:&quot;classic&quot;}\">\n\t\t\t\t\t\t\t<div class=\"elementor-background-overlay\"><\/div>\n\t\t\t\t\t\t\t<div class=\"elementor-container elementor-column-gap-default\">\n\t\t\t\t\t<div class=\"elementor-column elementor-col-100 elementor-top-column elementor-element elementor-element-50c8f24\" data-id=\"50c8f24\" data-element_type=\"column\" data-settings=\"{&quot;background_background&quot;:&quot;classic&quot;}\">\n\t\t\t<div class=\"elementor-widget-wrap elementor-element-populated\">\n\t\t\t\t\t\t<div class=\"elementor-element elementor-element-9fdd6a9 elementor-widget elementor-widget-heading\" data-id=\"9fdd6a9\" data-element_type=\"widget\" data-widget_type=\"heading.default\">\n\t\t\t\t<div class=\"elementor-widget-container\">\n\t\t\t\t\t<h2 class=\"elementor-heading-title elementor-size-default\">Domki letniskowe<\/h2>\t\t\t\t<\/div>\n\t\t\t\t<\/div>\n\t\t\t\t<div class=\"elementor-element elementor-element-657bfb6 elementor-widget elementor-widget-heading\" data-id=\"657bfb6\" data-element_type=\"widget\" data-widget_type=\"heading.default\">\n\t\t\t\t<div class=\"elementor-widget-container\">\n\t\t\t\t\t<h1 class=\"elementor-heading-title elementor-size-default\">nad Jeziorem \u017bywieckim<\/h1>\t\t\t\t<\/div>\n\t\t\t\t<\/div>\n\t\t\t\t<div class=\"elementor-element elementor-element-0aabf93 elementor-widget elementor-widget-heading\" data-id=\"0aabf93\" data-element_type=\"widget\" data-widget_type=\"heading.default\">\n\t\t\t\t<div class=\"elementor-widget-container\">\n\t\t\t\t\t<p class=\"elementor-heading-title elementor-size-default\">Zapraszamy do naszego o\u015brodka po\u0142o\u017conego tu\u017c nad jeziorem \u017bywieckim. Niezale\u017cnie od tego, czy szukasz aktywnego wypoczynku, czy chwili wytchnienia \u2013 u nas znajdziesz co\u015b dla siebie!<\/p>\t\t\t\t<\/div>\n\t\t\t\t<\/div>\n\t\t\t\t\t<\/div>\n\t\t<\/div>\n\t\t\t\t\t<\/div>\n\t\t<\/section>\n\t\t\t\t<section class=\"elementor-section elementor-top-section elementor-element elementor-element-019b26a elementor-section-boxed elementor-section-height-default elementor-section-height-default\" data-id=\"019b26a\" data-element_type=\"section\">\n\t\t\t\t\t\t<div class=\"elementor-container elementor-column-gap-default\">\n\t\t\t\t\t<div class=\"elementor-column elementor-col-100 elementor-top-column elementor-element elementor-element-d09fd1b\" data-id=\"d09fd1b\" data-element_type=\"column\">\n\t\t\t<div class=\"elementor-widget-wrap elementor-element-populated\">\n\t\t\t\t\t\t<div class=\"elementor-element elementor-element-ff65b88 elementor-widget-divider--view-line elementor-widget elementor-widget-divider\" data-id=\"ff65b88\" data-element_type=\"widget\" data-widget_type=\"divider.default\">\n\t\t\t\t<div class=\"elementor-widget-container\">\n\t\t\t\t\t\t\t<div class=\"elementor-divider\">\n\t\t\t<span class=\"elementor-divider-separator\">\n\t\t\t\t\t\t<\/span>\n\t\t<\/div>\n\t\t\t\t\t\t<\/div>\n\t\t\t\t<\/div>\n\t\t\t\t<div class=\"elementor-element elementor-element-3db7c42 elementor-widget elementor-widget-html\" data-id=\"3db7c42\" data-element_type=\"widget\" data-widget_type=\"html.default\">\n\t\t\t\t<div class=\"elementor-widget-container\">\n\t\t\t\t\t<div id=\"_ep_widget_8c9d236d4a489facbc116ff513fc67cf\"><\/div>\n<script type=\"text\/javascript\" src=\"\/\/d.nocimg.pl\/js\/ep_widget\/epw.min.js\"><\/script>\n<script type=\"text\/javascript\">\n_epw({\n  domena: \"https:\/\/www.nocowanie.pl\/\",\n  key: \"8c9d236d4a489facbc116ff513fc67cf\",\n  idl: 227869,\n  v: 3,\n  domid: \"_ep_widget_8c9d236d4a489facbc116ff513fc67cf\"\n})\n<\/script>\t\t\t\t<\/div>\n\t\t\t\t<\/div>\n\t\t\t\t<div class=\"elementor-element elementor-element-1f7e4ee elementor-widget elementor-widget-heading\" data-id=\"1f7e4ee\" data-element_type=\"widget\" data-widget_type=\"heading.default\">\n\t\t\t\t<div class=\"elementor-widget-container\">\n\t\t\t\t\t<h2 class=\"elementor-heading-title elementor-size-default\">Oferujemy:<\/h2>\t\t\t\t<\/div>\n\t\t\t\t<\/div>\n\t\t\t\t<section class=\"elementor-section elementor-inner-section elementor-element elementor-element-eebed10 elementor-section-boxed elementor-section-height-default elementor-section-height-default\" data-id=\"eebed10\" data-element_type=\"section\">\n\t\t\t\t\t\t<div class=\"elementor-container elementor-column-gap-default\">\n\t\t\t\t\t<div class=\"elementor-column elementor-col-33 elementor-inner-column elementor-element elementor-element-5758d09\" data-id=\"5758d09\" data-element_type=\"column\">\n\t\t\t<div class=\"elementor-widget-wrap elementor-element-populated\">\n\t\t\t\t\t\t<div class=\"elementor-element elementor-element-bc797d3 elementor-widget__width-initial elementor-widget elementor-widget-image\" data-id=\"bc797d3\" data-element_type=\"widget\" data-widget_type=\"image.default\">\n\t\t\t\t<div class=\"elementor-widget-container\">\n\t\t\t\t\t\t\t\t\t\t\t\t\t\t\t\t<a href=\"#\">\n\t\t\t\t\t\t\t<img fetchpriority=\"high\" decoding=\"async\" width=\"370\" height=\"442\" src=\"https:\/\/zefir.org.pl\/wp-content\/uploads\/2025\/03\/Zdjejdj.png\" class=\"elementor-animation-float attachment-large size-large wp-image-1680\" alt=\"\" srcset=\"https:\/\/zefir.org.pl\/wp-content\/uploads\/2025\/03\/Zdjejdj.png 370w, https:\/\/zefir.org.pl\/wp-content\/uploads\/2025\/03\/Zdjejdj-251x300.png 251w, https:\/\/zefir.org.pl\/wp-content\/uploads\/2025\/03\/Zdjejdj-100x119.png 100w, https:\/\/zefir.org.pl\/wp-content\/uploads\/2025\/03\/Zdjejdj-150x179.png 150w, https:\/\/zefir.org.pl\/wp-content\/uploads\/2025\/03\/Zdjejdj-200x239.png 200w, https:\/\/zefir.org.pl\/wp-content\/uploads\/2025\/03\/Zdjejdj-300x358.png 300w\" sizes=\"(max-width: 370px) 100vw, 370px\" \/>\t\t\t\t\t\t\t\t<\/a>\n\t\t\t\t\t\t\t\t\t\t\t\t\t\t\t<\/div>\n\t\t\t\t<\/div>\n\t\t\t\t<div class=\"elementor-element elementor-element-4bda4cf elementor-hidden-tablet elementor-widget elementor-widget-heading\" data-id=\"4bda4cf\" data-element_type=\"widget\" data-widget_type=\"heading.default\">\n\t\t\t\t<div class=\"elementor-widget-container\">\n\t\t\t\t\t<h2 class=\"elementor-heading-title elementor-size-default\"><a href=\"#\"><strong data-start=\"110\" data-end=\"132\">Aktywny wypoczynek<\/strong><\/a><\/h2>\t\t\t\t<\/div>\n\t\t\t\t<\/div>\n\t\t\t\t<div class=\"elementor-element elementor-element-c31eb21 elementor-widget elementor-widget-heading\" data-id=\"c31eb21\" data-element_type=\"widget\" data-widget_type=\"heading.default\">\n\t\t\t\t<div class=\"elementor-widget-container\">\n\t\t\t\t\t<h2 class=\"elementor-heading-title elementor-size-default\">Piesze i rowerowe wycieczki w malowniczej okolicy.<\/h2>\t\t\t\t<\/div>\n\t\t\t\t<\/div>\n\t\t\t\t\t<\/div>\n\t\t<\/div>\n\t\t\t\t<div class=\"elementor-column elementor-col-33 elementor-inner-column elementor-element elementor-element-beea700\" data-id=\"beea700\" data-element_type=\"column\">\n\t\t\t<div class=\"elementor-widget-wrap elementor-element-populated\">\n\t\t\t\t\t\t<div class=\"elementor-element elementor-element-57733a4 elementor-widget elementor-widget-image\" data-id=\"57733a4\" data-element_type=\"widget\" data-widget_type=\"image.default\">\n\t\t\t\t<div class=\"elementor-widget-container\">\n\t\t\t\t\t\t\t\t\t\t\t\t\t\t\t\t<a href=\"#\">\n\t\t\t\t\t\t\t<img decoding=\"async\" width=\"752\" height=\"1003\" src=\"https:\/\/zefir.org.pl\/wp-content\/uploads\/2025\/02\/IMG_1409.jpeg\" class=\"elementor-animation-float attachment-large size-large wp-image-1491\" alt=\"\" \/>\t\t\t\t\t\t\t\t<\/a>\n\t\t\t\t\t\t\t\t\t\t\t\t\t\t\t<\/div>\n\t\t\t\t<\/div>\n\t\t\t\t<div class=\"elementor-element elementor-element-2ace50b elementor-widget elementor-widget-heading\" data-id=\"2ace50b\" data-element_type=\"widget\" data-widget_type=\"heading.default\">\n\t\t\t\t<div class=\"elementor-widget-container\">\n\t\t\t\t\t<h2 class=\"elementor-heading-title elementor-size-default\"><a href=\"#\"><strong data-start=\"191\" data-end=\"210\" data-is-only-node=\"\">Relaks nad wod\u0105<\/strong><\/a><\/h2>\t\t\t\t<\/div>\n\t\t\t\t<\/div>\n\t\t\t\t<div class=\"elementor-element elementor-element-e00ed96 elementor-widget elementor-widget-heading\" data-id=\"e00ed96\" data-element_type=\"widget\" data-widget_type=\"heading.default\">\n\t\t\t\t<div class=\"elementor-widget-container\">\n\t\t\t\t\t<h2 class=\"elementor-heading-title elementor-size-default\">Idealne miejsce na w\u0119dkowanie, k\u0105piele i odpoczynek nad jeziorem.<\/h2>\t\t\t\t<\/div>\n\t\t\t\t<\/div>\n\t\t\t\t\t<\/div>\n\t\t<\/div>\n\t\t\t\t<div class=\"elementor-column elementor-col-33 elementor-inner-column elementor-element elementor-element-60fdc64\" data-id=\"60fdc64\" data-element_type=\"column\">\n\t\t\t<div class=\"elementor-widget-wrap elementor-element-populated\">\n\t\t\t\t\t\t<div class=\"elementor-element elementor-element-3e16963 elementor-widget elementor-widget-image\" data-id=\"3e16963\" data-element_type=\"widget\" data-widget_type=\"image.default\">\n\t\t\t\t<div class=\"elementor-widget-container\">\n\t\t\t\t\t\t\t\t\t\t\t\t\t\t\t\t<a href=\"#\">\n\t\t\t\t\t\t\t<img decoding=\"async\" width=\"370\" height=\"442\" src=\"https:\/\/zefir.org.pl\/wp-content\/uploads\/2025\/03\/Zdjejdj-1.png\" class=\"elementor-animation-float attachment-large size-large wp-image-1686\" alt=\"\" srcset=\"https:\/\/zefir.org.pl\/wp-content\/uploads\/2025\/03\/Zdjejdj-1.png 370w, https:\/\/zefir.org.pl\/wp-content\/uploads\/2025\/03\/Zdjejdj-1-251x300.png 251w, https:\/\/zefir.org.pl\/wp-content\/uploads\/2025\/03\/Zdjejdj-1-100x119.png 100w, https:\/\/zefir.org.pl\/wp-content\/uploads\/2025\/03\/Zdjejdj-1-150x179.png 150w, https:\/\/zefir.org.pl\/wp-content\/uploads\/2025\/03\/Zdjejdj-1-200x239.png 200w, https:\/\/zefir.org.pl\/wp-content\/uploads\/2025\/03\/Zdjejdj-1-300x358.png 300w\" sizes=\"(max-width: 370px) 100vw, 370px\" \/>\t\t\t\t\t\t\t\t<\/a>\n\t\t\t\t\t\t\t\t\t\t\t\t\t\t\t<\/div>\n\t\t\t\t<\/div>\n\t\t\t\t<div class=\"elementor-element elementor-element-47fa2c2 elementor-widget elementor-widget-heading\" data-id=\"47fa2c2\" data-element_type=\"widget\" data-widget_type=\"heading.default\">\n\t\t\t\t<div class=\"elementor-widget-container\">\n\t\t\t\t\t<h2 class=\"elementor-heading-title elementor-size-default\"><a href=\"#\"><strong data-start=\"363\" data-end=\"383\">Wygodne domki<\/strong><\/a><\/h2>\t\t\t\t<\/div>\n\t\t\t\t<\/div>\n\t\t\t\t<div class=\"elementor-element elementor-element-9c93ace elementor-widget elementor-widget-heading\" data-id=\"9c93ace\" data-element_type=\"widget\" data-widget_type=\"heading.default\">\n\t\t\t\t<div class=\"elementor-widget-container\">\n\t\t\t\t\t<h2 class=\"elementor-heading-title elementor-size-default\">W pe\u0142ni wyposa\u017cone domki.<\/h2>\t\t\t\t<\/div>\n\t\t\t\t<\/div>\n\t\t\t\t\t<\/div>\n\t\t<\/div>\n\t\t\t\t\t<\/div>\n\t\t<\/section>\n\t\t\t\t\t<\/div>\n\t\t<\/div>\n\t\t\t\t\t<\/div>\n\t\t<\/section>\n\t\t\t\t<\/div>\n\t\t","protected":false},"excerpt":{"rendered":"<p>Domki letniskowe nad Jeziorem \u017bywieckim Zapraszamy do naszego o\u015brodka po\u0142o\u017conego tu\u017c nad jeziorem \u017bywieckim. Niezale\u017cnie od tego, czy szukasz aktywnego wypoczynku, czy chwili wytchnienia \u2013 u nas znajdziesz co\u015b dla siebie! Oferujemy: Aktywny wypoczynek Piesze i rowerowe wycieczki w malowniczej &hellip;<\/p>\n<p class=\"read-more\"> <a class=\"more-link\" href=\"https:\/\/zefir.org.pl\/\"> <span class=\"screen-reader-text\">Home<\/span> Czytaj wi\u0119cej  &raquo;<\/a><\/p>\n","protected":false},"author":1,"featured_media":0,"parent":0,"menu_order":0,"comment_status":"closed","ping_status":"closed","template":"elementor_header_footer","meta":{"footnotes":""},"class_list":["post-7","page","type-page","status-publish","hentry"],"featured_image_src":"","featured_image_src_square":false,"rbea_author_info":{"display_name":"edytor","author_link":"https:\/\/zefir.org.pl\/index.php\/author\/edytor\/"},"rbea_excerpt_info":"Domki letniskowe nad Jeziorem \u017bywieckim Zapraszamy do naszego o\u015brodka po\u0142o\u017conego tu\u017c nad jeziorem \u017bywieckim. Niezale\u017cnie od tego, czy szukasz aktywnego wypoczynku, czy chwili wytchnienia \u2013 u nas znajdziesz co\u015b dla siebie! Oferujemy: Aktywny wypoczynek Piesze i rowerowe wycieczki w malowniczej &hellip;<p class=\"read-more\"> <a class=\"more-link\" href=\"https:\/\/zefir.org.pl\/\"> <span class=\"screen-reader-text\">Home<\/span> Czytaj wi\u0119cej  &raquo;<\/a><\/p>","_links":{"self":[{"href":"https:\/\/zefir.org.pl\/index.php\/wp-json\/wp\/v2\/pages\/7","targetHints":{"allow":["GET"]}}],"collection":[{"href":"https:\/\/zefir.org.pl\/index.php\/wp-json\/wp\/v2\/pages"}],"about":[{"href":"https:\/\/zefir.org.pl\/index.php\/wp-json\/wp\/v2\/types\/page"}],"author":[{"embeddable":true,"href":"https:\/\/zefir.org.pl\/index.php\/wp-json\/wp\/v2\/users\/1"}],"replies":[{"embeddable":true,"href":"https:\/\/zefir.org.pl\/index.php\/wp-json\/wp\/v2\/comments?post=7"}],"version-history":[{"count":46,"href":"https:\/\/zefir.org.pl\/index.php\/wp-json\/wp\/v2\/pages\/7\/revisions"}],"predecessor-version":[{"id":1794,"href":"https:\/\/zefir.org.pl\/index.php\/wp-json\/wp\/v2\/pages\/7\/revisions\/1794"}],"wp:attachment":[{"href":"https:\/\/zefir.org.pl\/index.php\/wp-json\/wp\/v2\/media?parent=7"}],"curies":[{"name":"wp","href":"https:\/\/api.w.org\/{rel}","templated":true}]}}